{"id":1558,"date":"2023-10-28T10:19:01","date_gmt":"2023-10-28T10:19:01","guid":{"rendered":"https:\/\/kyotogaidai.org\/ygrp\/?page_id=1558"},"modified":"2023-11-13T07:20:20","modified_gmt":"2023-11-13T07:20:20","slug":"reports2","status":"publish","type":"page","link":"https:\/\/kyotogaidai.org\/ygrp\/reports2\/","title":{"rendered":"Changemakers in the Community &#8211; Year 2 Reports"},"content":{"rendered":"<p><div class=\"fusion-fullwidth fullwidth-box fusion-builder-row-1 fusion-flex-container has-pattern-background has-mask-background nonhundred-percent-fullwidth non-hundred-percent-height-scrolling\" style=\"--awb-border-radius-top-left:0px;--awb-border-radius-top-right:0px;--awb-border-radius-bottom-right:0px;--awb-border-radius-bottom-left:0px;--awb-flex-wrap:wrap;\" ><div class=\"fusion-builder-row fusion-row fusion-flex-align-items-flex-start fusion-flex-content-wrap\" style=\"max-width:1248px;margin-left: calc(-4% \/ 2 );margin-right: calc(-4% \/ 2 );\"><div class=\"fusion-layout-column fusion_builder_column fusion-builder-column-0 fusion_builder_column_1_1 1_1 fusion-flex-column\" style=\"--awb-bg-size:cover;--awb-width-large:100%;--awb-margin-top-large:0px;--awb-spacing-right-large:1.92%;--awb-margin-bottom-large:20px;--awb-spacing-left-large:1.92%;--awb-width-medium:100%;--awb-order-medium:0;--awb-spacing-right-medium:1.92%;--awb-spacing-left-medium:1.92%;--awb-width-small:100%;--awb-order-small:0;--awb-spacing-right-small:1.92%;--awb-spacing-left-small:1.92%;\"><div class=\"fusion-column-wrapper fusion-column-has-shadow fusion-flex-justify-content-flex-start fusion-content-layout-column\"><div class=\"fusion-title title fusion-title-1 fusion-sep-none fusion-title-center fusion-title-text fusion-title-size-three\" style=\"--awb-margin-right:200px;--awb-margin-left:200px;--awb-margin-top-small:10px;--awb-margin-right-small:0px;--awb-margin-bottom-small:10px;--awb-margin-left-small:0px;\"><h3 class=\"fusion-title-heading title-heading-center\" style=\"margin:0;\">Browse by Theme<\/h3><\/div><\/div><\/div><\/div><\/div><div class=\"fusion-fullwidth fullwidth-box fusion-builder-row-2 fusion-flex-container has-pattern-background has-mask-background nonhundred-percent-fullwidth non-hundred-percent-height-scrolling\" style=\"--awb-border-radius-top-left:0px;--awb-border-radius-top-right:0px;--awb-border-radius-bottom-right:0px;--awb-border-radius-bottom-left:0px;--awb-flex-wrap:wrap;\" ><div class=\"fusion-builder-row fusion-row fusion-flex-align-items-flex-start fusion-flex-content-wrap\" style=\"max-width:1248px;margin-left: calc(-4% \/ 2 );margin-right: calc(-4% \/ 2 );\"><div class=\"fusion-layout-column fusion_builder_column fusion-builder-column-1 fusion_builder_column_1_1 1_1 fusion-flex-column\" style=\"--awb-bg-size:cover;--awb-width-large:100%;--awb-margin-top-large:0px;--awb-spacing-right-large:1.92%;--awb-margin-bottom-large:20px;--awb-spacing-left-large:1.92%;--awb-width-medium:100%;--awb-order-medium:0;--awb-spacing-right-medium:1.92%;--awb-spacing-left-medium:1.92%;--awb-width-small:100%;--awb-order-small:0;--awb-spacing-right-small:1.92%;--awb-spacing-left-small:1.92%;\"><div class=\"fusion-column-wrapper fusion-column-has-shadow fusion-flex-justify-content-flex-start fusion-content-layout-column\"><div class=\"fusion-content-boxes content-boxes columns row fusion-columns-1 fusion-columns-total-3 fusion-content-boxes-1 content-boxes-icon-on-side content-left\" style=\"--awb-hover-accent-color:var(--awb-color4);--awb-circle-hover-accent-color:var(--awb-color4);--awb-item-margin-bottom:40px;\" data-animationOffset=\"top-into-view\"><div style=\"--awb-backgroundcolor:rgba(255,255,255,0);--awb-content-padding-left:64px;\" class=\"fusion-column content-box-column content-box-column content-box-column-1 col-lg-12 col-md-12 col-sm-12 fusion-content-box-hover content-box-column-last-in-row\"><div class=\"col content-box-wrapper content-wrapper link-area-link-icon content-icon-wrapper-yes icon-hover-animation-fade\" data-animationOffset=\"top-into-view\"><div class=\"heading heading-with-icon icon-left\"><div class=\"icon\"><span style=\"height:42px;width:42px;line-height:22px;border-color:rgba(255,255,255,0);border-width:1px;border-style:solid;background-color:var(--awb-custom_color_3);margin-right:20px;box-sizing:content-box;border-radius:50%;\"><i style=\"border-color:var(--awb-custom_color_3);border-width:1px;background-color:var(--awb-custom_color_3);box-sizing:content-box;height:40px;width:40px;line-height:40px;border-radius:50%;position:relative;top:auto;left:auto;margin:0;border-radius:50%;font-size:20px;\" aria-hidden=\"true\" class=\"fontawesome-icon fa-toolbox fas circle-yes\"><\/i><\/span><\/div><h2 class=\"content-box-heading\" style=\"--h2_typography-font-size:24px;line-height:29px;padding-left:64px;\">Work<\/h2><\/div><div class=\"fusion-clearfix\"><\/div><div class=\"content-container\">\n<h5 id=\"work\" data-fontsize=\"22\" style=\"--fontSize: 22; line-height: 1.2; --minFontSize: 22;\" data-lineheight=\"26.4px\" class=\"fusion-responsive-typography-calculated\">Pair A (Zimbabwe &#8211; Japan)<\/h5>\n<p><a href=\"https:\/\/kyotogaidai.org\/ygrp\/changemakers-in-the-community-2\/the-work-of-the-zienzele-foundation-in-rural-zimbabwe\/\">The Work of the Zienzele Foundation in Rural Zimbabwe<\/a><br \/>\nResearchers: Pamela Mahohoma &amp; Faith Hama<br \/>\nGreat Zimbabwe University, Zimbabwe<\/p>\n<p><a href=\"https:\/\/kyotogaidai.org\/ygrp\/changemakers-in-the-community-2\/fuku-job-helping-foreign-nursing-care-workers\/\">FUKU JOB: Helping Foreign Nursing Care Workers<\/a><br \/>\nResearchers: Yusuke Sakai &amp; Yuwa Kan<br \/>\nKyoto University of Foreign Studies, Japan<\/p>\n<h5 data-fontsize=\"22\" style=\"--fontSize: 22; line-height: 1.2; --minFontSize: 22;\" data-lineheight=\"26.4px\" class=\"fusion-responsive-typography-calculated\">Pair B (Mexico &#8211; Philippines)<\/h5>\n<p><a href=\"https:\/\/kyotogaidai.org\/ygrp\/changemakers-in-the-community-2\/gdl-sur-destino-y-libertad\/\">GDL SUR Destino y Libertad<\/a><br \/>\nResearchers: Salma Hallal &amp; Gladys Lazcano<br \/>\nInstituto Tecnol\u00f3gico y de Estudios Superiores de Occidente (ITESO), Guadalajara, Mexico<\/p>\n<p><a href=\"https:\/\/kyotogaidai.org\/ygrp\/changemakers-in-the-community-2\/mindanao-migrants-center-for-empowering-actions-inc\/\">Mindanao Migrants Center for Empowering Actions, Inc<\/a><br \/>\nResearchers: Reena Angelika Coralde &amp; Regine Magdalene Guillermo<br \/>\nSan Pedro College, Philippines<\/p>\n<h5 data-fontsize=\"22\" style=\"--fontSize: 22; line-height: 1.2; --minFontSize: 22;\" data-lineheight=\"26.4px\" class=\"fusion-responsive-typography-calculated\">Pair C (Malaysia &#8211; Indonesia)<\/h5>\n<p><a href=\"https:\/\/kyotogaidai.org\/ygrp\/changemakers-in-the-community-2\/penang-care-society\/\">Penang Care Society<\/a><br \/>\nResearchers: Nur Athirah Binti Khairul Ferdaus &amp; Rayner Mu Lay Chin<br \/>\nUniversiti Sains Malaysia, Malaysia<\/p>\n<p><a href=\"https:\/\/kyotogaidai.org\/ygrp\/changemakers-in-the-community-2\/common-seas\/\">Common Seas<\/a><br \/>\nResearchers: Novellie &amp; Rahmah Nurul Aini<br \/>\nUniversity of Surabaya, Indonesia<\/p>\n<\/div><\/div><\/div><div style=\"--awb-backgroundcolor:rgba(255,255,255,0);--awb-content-padding-left:64px;\" class=\"fusion-column content-box-column content-box-column content-box-column-2 col-lg-12 col-md-12 col-sm-12 fusion-content-box-hover content-box-column-last-in-row\"><div class=\"col content-box-wrapper content-wrapper link-area-link-icon content-icon-wrapper-yes icon-hover-animation-fade\" data-animationOffset=\"top-into-view\"><div class=\"heading heading-with-icon icon-left\"><div class=\"icon\"><span style=\"height:42px;width:42px;line-height:22px;border-color:rgba(255,255,255,0);border-width:1px;border-style:solid;background-color:var(--awb-color4);margin-right:20px;box-sizing:content-box;border-radius:50%;\"><i style=\"border-color:var(--awb-color4);border-width:1px;background-color:var(--awb-color4);box-sizing:content-box;height:40px;width:40px;line-height:40px;border-radius:50%;position:relative;top:auto;left:auto;margin:0;border-radius:50%;font-size:20px;\" aria-hidden=\"true\" class=\"fontawesome-icon fa-briefcase-medical fas circle-yes\"><\/i><\/span><\/div><h2 class=\"content-box-heading\" style=\"--h2_typography-font-size:24px;line-height:29px;padding-left:64px;\">Health<\/h2><\/div><div class=\"fusion-clearfix\"><\/div><div class=\"content-container\">\n<h5 id=\"health\">Pair A (Mexico &#8211; Japan)<\/h5>\n<p><a href=\"https:\/\/kyotogaidai.org\/ygrp\/changemakers-in-the-community-2\/el-refugio-casa-del-migrante\/\">El Refugio Casa del Migrante<\/a><br \/>\nMelissa Flores &amp; Trisia Almanzor<br \/>\nInstituto Tecnol\u00f3gico y de Estudios Superiores de Occidente (ITESO), Guadalajara, Mexico<\/p>\n<p><a href=\"https:\/\/kyotogaidai.org\/ygrp\/changemakers-in-the-community-2\/charm\/\">CHARM<\/a><br \/>\nResearchers: Kokoro Nomoto &amp; Nana Matsumoto<br \/>\nKyoto University of Foreign Studies, Japan<\/p>\n<h5>Pair B (Malaysia &#8211; Zimbabwe)<\/h5>\n<p><a href=\"https:\/\/kyotogaidai.org\/ygrp\/changemakers-in-the-community-2\/hope-worldwide-penang\/\">HOPE Worldwide Penang<\/a><br \/>\nResearchers: Nur Ain Adlina &amp; Andrian Lopez Matius<br \/>\nUniversiti Sains Malaysia, Malaysia<\/p>\n<p><a href=\"https:\/\/kyotogaidai.org\/ygrp\/changemakers-in-the-community-2\/provision-of-primary-healthcare-in-derust-avillage-in-chipinge-district\/\">Provision of Primary Healthcare in Derust &#8220;A&#8221;village in Chipinge district<\/a><br \/>\nResearchers: Nancy Mharira &amp; Mercy Zuvarimwe<br \/>\nGreat Zimbabwe University, Zimbabwe<\/p>\n<h5>Pair C (Indonesia &#8211; Philippines)<\/h5>\n<p><a href=\"https:\/\/kyotogaidai.org\/ygrp\/changemakers-in-the-community-2\/pondok-kasih-foundation\/\">Pondok Kasih Foundation<\/a><br \/>\nResearcher: Gabriel Narendra<br \/>\nUniversity of Surabaya, Indonesia<\/p>\n<p><a href=\"https:\/\/kyotogaidai.org\/ygrp\/changemakers-in-the-community-2\/institute-of-primary-health-care\/\">Institute of Primary Health Care<\/a><br \/>\nResearchers: Landero, Dj P. &amp; Piapes, Deo Prince V.<br \/>\nSan Pedro College, Philippines<\/div><\/div><\/div><div style=\"--awb-backgroundcolor:rgba(255,255,255,0);--awb-content-padding-left:64px;\" class=\"fusion-column content-box-column content-box-column content-box-column-3 col-lg-12 col-md-12 col-sm-12 fusion-content-box-hover content-box-column-last content-box-column-last-in-row\"><div class=\"col content-box-wrapper content-wrapper link-area-link-icon content-icon-wrapper-yes icon-hover-animation-fade\" data-animationOffset=\"top-into-view\"><div class=\"heading heading-with-icon icon-left\"><div class=\"icon\"><span style=\"height:42px;width:42px;line-height:22px;border-color:rgba(255,255,255,0);border-width:1px;border-style:solid;background-color:var(--awb-color5);margin-right:20px;box-sizing:content-box;border-radius:50%;\"><i style=\"border-color:var(--awb-color5);border-width:1px;background-color:var(--awb-color5);box-sizing:content-box;height:40px;width:40px;line-height:40px;border-radius:50%;position:relative;top:auto;left:auto;margin:0;border-radius:50%;font-size:20px;\" aria-hidden=\"true\" class=\"fontawesome-icon fa-user-graduate fas circle-yes\"><\/i><\/span><\/div><h2 class=\"content-box-heading\" style=\"--h2_typography-font-size:24px;line-height:29px;padding-left:64px;\">Education<\/h2><\/div><div class=\"fusion-clearfix\"><\/div><div class=\"content-container\">\n<h5 id=\"education\">Pair A (Japan &#8211; Philippines)<\/h5>\n<p><a href=\"https:\/\/kyotogaidai.org\/ygrp\/changemakers-in-the-community-2\/office-com-juntos-impact-on-foreign-childrens-education-and-integration-in-japan\/\">Office Com Junto&#8217;s Impact on Foreign Children&#8217;s Education and Integration in Japan<\/a><br \/>\nResearchers: Ayuni Happy Melati &amp; Boonyakida Chanikarn<br \/>\nKyoto University of Foreign Studies, Japan<\/p>\n<p><a href=\"https:\/\/kyotogaidai.org\/ygrp\/changemakers-in-the-community-2\/combating-discrimination-through-education\/\">Combating Discrimination through Education<\/a><br \/>\nResearchers: Angel Syth F. Luengas &amp; Mark Gil G. Liwana<br \/>\nSan Pedro College, Philippines<\/p>\n<h5>Pair B (Malaysia &#8211; Mexico)<\/h5>\n<p><a href=\"https:\/\/kyotogaidai.org\/ygrp\/changemakers-in-the-community-2\/aids-action-and-research-aarg\/\">AIDS Action and Research (AARG)<\/a><br \/>\nResearchers: Muhamad Firdaus Mohd Nazri &amp; Alissa Anne Alexander<br \/>\nUniversiti Sains Malaysia, Malaysia<\/p>\n<p><a href=\"https:\/\/kyotogaidai.org\/ygrp\/changemakers-in-the-community-2\/childhood-learning-along-the-way\/\">Childhood Learning Along the Way<\/a><br \/>\nResearchers: N\u00e1taly Nu\u00f1o Silva &amp; Neymar Alexandra P\u00e9rez Montilva<br \/>\nInstituto Tecnol\u00f3gico y de Estudios Superiores de Occidente (ITESO), Guadalajara, Mexico<\/p>\n<h5>Pair C (Zimbabwe &#8211; Indonesia)<\/h5>\n<p><a href=\"https:\/\/kyotogaidai.org\/ygrp\/changemakers-in-the-community-2\/tapudzai-primary-school\/\">Tapudzai Primary School<\/a><br \/>\nResearchers: Shylet Dangirwa &amp; Netsai Ndlovu<br \/>\nGreat Zimbabwe University, Zimbabwe<\/p>\n<p><em>Nurturing Hope and Education (unpublished)<\/em><br \/>\nResearchers: Nabila Putri Yami Maharani &amp; Aliyah Khairunnisa<br \/>\nUniversity of Surabaya, Indonesia<\/div><\/div><\/div><div class=\"fusion-clearfix\"><\/div><\/div><\/div><\/div><\/div><\/div><\/p>\n","protected":false},"excerpt":{"rendered":"","protected":false},"author":1,"featured_media":0,"parent":0,"menu_order":0,"comment_status":"closed","ping_status":"closed","template":"100-width.php","meta":{"nf_dc_page":"","footnotes":""},"class_list":["post-1558","page","type-page","status-publish","hentry"],"yoast_head":"<!-- This site is optimized with the Yoast SEO plugin v27.3 - https:\/\/yoast.com\/product\/yoast-seo-wordpress\/ -->\n<title>Changemakers in the Community - Year 2 Reports - Young Global Researchers Project<\/title>\n<meta name=\"robots\" content=\"index, follow, max-snippet:-1, max-image-preview:large, max-video-preview:-1\" \/>\n<link rel=\"canonical\" href=\"https:\/\/kyotogaidai.org\/ygrp\/reports2\/\" \/>\n<meta property=\"og:locale\" content=\"en_US\" \/>\n<meta property=\"og:type\" content=\"article\" \/>\n<meta property=\"og:title\" content=\"Changemakers in the Community - Year 2 Reports - Young Global Researchers Project\" \/>\n<meta property=\"og:url\" content=\"https:\/\/kyotogaidai.org\/ygrp\/reports2\/\" \/>\n<meta property=\"og:site_name\" content=\"Young Global Researchers Project\" \/>\n<meta property=\"article:modified_time\" content=\"2023-11-13T07:20:20+00:00\" \/>\n<meta name=\"twitter:card\" content=\"summary_large_image\" \/>\n<meta name=\"twitter:label1\" content=\"Est. reading time\" \/>\n\t<meta name=\"twitter:data1\" content=\"5 minutes\" \/>\n<script type=\"application\/ld+json\" class=\"yoast-schema-graph\">{\"@context\":\"https:\\\/\\\/schema.org\",\"@graph\":[{\"@type\":\"WebPage\",\"@id\":\"https:\\\/\\\/kyotogaidai.org\\\/ygrp\\\/reports2\\\/\",\"url\":\"https:\\\/\\\/kyotogaidai.org\\\/ygrp\\\/reports2\\\/\",\"name\":\"Changemakers in the Community - Year 2 Reports - Young Global Researchers Project\",\"isPartOf\":{\"@id\":\"https:\\\/\\\/kyotogaidai.org\\\/ygrp\\\/#website\"},\"datePublished\":\"2023-10-28T10:19:01+00:00\",\"dateModified\":\"2023-11-13T07:20:20+00:00\",\"breadcrumb\":{\"@id\":\"https:\\\/\\\/kyotogaidai.org\\\/ygrp\\\/reports2\\\/#breadcrumb\"},\"inLanguage\":\"en-US\",\"potentialAction\":[{\"@type\":\"ReadAction\",\"target\":[\"https:\\\/\\\/kyotogaidai.org\\\/ygrp\\\/reports2\\\/\"]}]},{\"@type\":\"BreadcrumbList\",\"@id\":\"https:\\\/\\\/kyotogaidai.org\\\/ygrp\\\/reports2\\\/#breadcrumb\",\"itemListElement\":[{\"@type\":\"ListItem\",\"position\":1,\"name\":\"Home\",\"item\":\"https:\\\/\\\/kyotogaidai.org\\\/ygrp\\\/\"},{\"@type\":\"ListItem\",\"position\":2,\"name\":\"Changemakers in the Community &#8211; Year 2 Reports\"}]},{\"@type\":\"WebSite\",\"@id\":\"https:\\\/\\\/kyotogaidai.org\\\/ygrp\\\/#website\",\"url\":\"https:\\\/\\\/kyotogaidai.org\\\/ygrp\\\/\",\"name\":\"Young Global Researchers Project\",\"description\":\"Researching Community Engagement Across Cultures\",\"potentialAction\":[{\"@type\":\"SearchAction\",\"target\":{\"@type\":\"EntryPoint\",\"urlTemplate\":\"https:\\\/\\\/kyotogaidai.org\\\/ygrp\\\/?s={search_term_string}\"},\"query-input\":{\"@type\":\"PropertyValueSpecification\",\"valueRequired\":true,\"valueName\":\"search_term_string\"}}],\"inLanguage\":\"en-US\"}]}<\/script>\n<!-- \/ Yoast SEO plugin. -->","yoast_head_json":{"title":"Changemakers in the Community - Year 2 Reports - Young Global Researchers Project","robots":{"index":"index","follow":"follow","max-snippet":"max-snippet:-1","max-image-preview":"max-image-preview:large","max-video-preview":"max-video-preview:-1"},"canonical":"https:\/\/kyotogaidai.org\/ygrp\/reports2\/","og_locale":"en_US","og_type":"article","og_title":"Changemakers in the Community - Year 2 Reports - Young Global Researchers Project","og_url":"https:\/\/kyotogaidai.org\/ygrp\/reports2\/","og_site_name":"Young Global Researchers Project","article_modified_time":"2023-11-13T07:20:20+00:00","twitter_card":"summary_large_image","twitter_misc":{"Est. reading time":"5 minutes"},"schema":{"@context":"https:\/\/schema.org","@graph":[{"@type":"WebPage","@id":"https:\/\/kyotogaidai.org\/ygrp\/reports2\/","url":"https:\/\/kyotogaidai.org\/ygrp\/reports2\/","name":"Changemakers in the Community - Year 2 Reports - Young Global Researchers Project","isPartOf":{"@id":"https:\/\/kyotogaidai.org\/ygrp\/#website"},"datePublished":"2023-10-28T10:19:01+00:00","dateModified":"2023-11-13T07:20:20+00:00","breadcrumb":{"@id":"https:\/\/kyotogaidai.org\/ygrp\/reports2\/#breadcrumb"},"inLanguage":"en-US","potentialAction":[{"@type":"ReadAction","target":["https:\/\/kyotogaidai.org\/ygrp\/reports2\/"]}]},{"@type":"BreadcrumbList","@id":"https:\/\/kyotogaidai.org\/ygrp\/reports2\/#breadcrumb","itemListElement":[{"@type":"ListItem","position":1,"name":"Home","item":"https:\/\/kyotogaidai.org\/ygrp\/"},{"@type":"ListItem","position":2,"name":"Changemakers in the Community &#8211; Year 2 Reports"}]},{"@type":"WebSite","@id":"https:\/\/kyotogaidai.org\/ygrp\/#website","url":"https:\/\/kyotogaidai.org\/ygrp\/","name":"Young Global Researchers Project","description":"Researching Community Engagement Across Cultures","potentialAction":[{"@type":"SearchAction","target":{"@type":"EntryPoint","urlTemplate":"https:\/\/kyotogaidai.org\/ygrp\/?s={search_term_string}"},"query-input":{"@type":"PropertyValueSpecification","valueRequired":true,"valueName":"search_term_string"}}],"inLanguage":"en-US"}]}},"jetpack_sharing_enabled":true,"_links":{"self":[{"href":"https:\/\/kyotogaidai.org\/ygrp\/wp-json\/wp\/v2\/pages\/1558","targetHints":{"allow":["GET"]}}],"collection":[{"href":"https:\/\/kyotogaidai.org\/ygrp\/wp-json\/wp\/v2\/pages"}],"about":[{"href":"https:\/\/kyotogaidai.org\/ygrp\/wp-json\/wp\/v2\/types\/page"}],"author":[{"embeddable":true,"href":"https:\/\/kyotogaidai.org\/ygrp\/wp-json\/wp\/v2\/users\/1"}],"replies":[{"embeddable":true,"href":"https:\/\/kyotogaidai.org\/ygrp\/wp-json\/wp\/v2\/comments?post=1558"}],"version-history":[{"count":5,"href":"https:\/\/kyotogaidai.org\/ygrp\/wp-json\/wp\/v2\/pages\/1558\/revisions"}],"predecessor-version":[{"id":1658,"href":"https:\/\/kyotogaidai.org\/ygrp\/wp-json\/wp\/v2\/pages\/1558\/revisions\/1658"}],"wp:attachment":[{"href":"https:\/\/kyotogaidai.org\/ygrp\/wp-json\/wp\/v2\/media?parent=1558"}],"curies":[{"name":"wp","href":"https:\/\/api.w.org\/{rel}","templated":true}]}}